{"id":4964,"date":"2023-10-09T13:30:35","date_gmt":"2023-10-09T13:30:35","guid":{"rendered":"https:\/\/ekoblitzindastri.com\/?post_type=product&#038;p=4964"},"modified":"2023-10-09T13:30:35","modified_gmt":"2023-10-09T13:30:35","slug":"verschleis-kabel-bremsbelege-daf","status":"publish","type":"product","link":"https:\/\/ekoblitzindastri.com\/index.php\/product\/verschleis-kabel-bremsbelege-daf\/","title":{"rendered":"Verschlei\u00df Kabel   bremsbelege DAF"},"content":{"rendered":"<p>Verschlei\u00df Kabel, Verl\u00e4ngerung Kabel bremsbelege DAF (10-01-05-0230)<\/p>\n","protected":false},"excerpt":{"rendered":"<p>Verschlei\u00df Kabel, Verl\u00e4ngerung Kabel bremsbelege DAF (10-01-05-0230)<\/p>\n","protected":false},"featured_media":4965,"comment_status":"open","ping_status":"closed","template":"","meta":[],"product_brand":[],"product_cat":[191,252,241],"product_tag":[],"class_list":{"0":"post-4964","1":"product","2":"type-product","3":"status-publish","4":"has-post-thumbnail","6":"product_cat-bremsanlage","7":"product_cat-daf-lkw-zubehor","8":"product_cat-kabel","10":"first","11":"instock","12":"taxable","13":"shipping-taxable","14":"purchasable","15":"product-type-simple"},"yoast_head":"<!-- This site is optimized with the Yoast SEO plugin v27.3 - https:\/\/yoast.com\/product\/yoast-seo-wordpress\/ -->\n<title>Verschlei\u00df Kabel  bremsbelege DAF - ekoblitzindastri<\/title>\n<meta name=\"description\" content=\"Verschlei\u00df Kabel bremsbelege DAF\" \/>\n<meta name=\"robots\" content=\"index, follow, max-snippet:-1, max-image-preview:large, max-video-preview:-1\" \/>\n<link rel=\"canonical\" href=\"https:\/\/ekoblitzindastri.com\/index.php\/product\/verschleis-kabel-bremsbelege-daf\/\" \/>\n<meta property=\"og:locale\" content=\"ru_RU\" \/>\n<meta property=\"og:type\" content=\"article\" \/>\n<meta property=\"og:title\" content=\"Verschlei\u00df Kabel  bremsbelege DAF - ekoblitzindastri\" \/>\n<meta property=\"og:description\" content=\"Verschlei\u00df Kabel bremsbelege DAF\" \/>\n<meta property=\"og:url\" content=\"https:\/\/ekoblitzindastri.com\/index.php\/product\/verschleis-kabel-bremsbelege-daf\/\" \/>\n<meta property=\"og:site_name\" content=\"ekoblitzindastri\" \/>\n<meta property=\"og:image\" content=\"https:\/\/ekoblitzindastri.com\/wp-content\/uploads\/2023\/10\/10-01-05-0230.png\" \/>\n\t<meta property=\"og:image:width\" content=\"250\" \/>\n\t<meta property=\"og:image:height\" content=\"197\" \/>\n\t<meta property=\"og:image:type\" content=\"image\/png\" \/>\n<meta name=\"twitter:card\" content=\"summary_large_image\" \/>\n<meta name=\"twitter:label1\" content=\"\u041f\u0440\u0438\u043c\u0435\u0440\u043d\u043e\u0435 \u0432\u0440\u0435\u043c\u044f \u0434\u043b\u044f \u0447\u0442\u0435\u043d\u0438\u044f\" \/>\n\t<meta name=\"twitter:data1\" content=\"1 \u043c\u0438\u043d\u0443\u0442\u0430\" \/>\n<script type=\"application\/ld+json\" class=\"yoast-schema-graph\">{\"@context\":\"https:\\\/\\\/schema.org\",\"@graph\":[{\"@type\":\"WebPage\",\"@id\":\"https:\\\/\\\/ekoblitzindastri.com\\\/index.php\\\/product\\\/verschleis-kabel-bremsbelege-daf\\\/\",\"url\":\"https:\\\/\\\/ekoblitzindastri.com\\\/index.php\\\/product\\\/verschleis-kabel-bremsbelege-daf\\\/\",\"name\":\"Verschlei\u00df Kabel bremsbelege DAF - ekoblitzindastri\",\"isPartOf\":{\"@id\":\"https:\\\/\\\/ekoblitzindastri.com\\\/#website\"},\"primaryImageOfPage\":{\"@id\":\"https:\\\/\\\/ekoblitzindastri.com\\\/index.php\\\/product\\\/verschleis-kabel-bremsbelege-daf\\\/#primaryimage\"},\"image\":{\"@id\":\"https:\\\/\\\/ekoblitzindastri.com\\\/index.php\\\/product\\\/verschleis-kabel-bremsbelege-daf\\\/#primaryimage\"},\"thumbnailUrl\":\"https:\\\/\\\/ekoblitzindastri.com\\\/wp-content\\\/uploads\\\/2023\\\/10\\\/10-01-05-0230.png\",\"datePublished\":\"2023-10-09T13:30:35+00:00\",\"description\":\"Verschlei\u00df Kabel bremsbelege DAF\",\"breadcrumb\":{\"@id\":\"https:\\\/\\\/ekoblitzindastri.com\\\/index.php\\\/product\\\/verschleis-kabel-bremsbelege-daf\\\/#breadcrumb\"},\"inLanguage\":\"ru-RU\",\"potentialAction\":[{\"@type\":\"ReadAction\",\"target\":[\"https:\\\/\\\/ekoblitzindastri.com\\\/index.php\\\/product\\\/verschleis-kabel-bremsbelege-daf\\\/\"]}]},{\"@type\":\"ImageObject\",\"inLanguage\":\"ru-RU\",\"@id\":\"https:\\\/\\\/ekoblitzindastri.com\\\/index.php\\\/product\\\/verschleis-kabel-bremsbelege-daf\\\/#primaryimage\",\"url\":\"https:\\\/\\\/ekoblitzindastri.com\\\/wp-content\\\/uploads\\\/2023\\\/10\\\/10-01-05-0230.png\",\"contentUrl\":\"https:\\\/\\\/ekoblitzindastri.com\\\/wp-content\\\/uploads\\\/2023\\\/10\\\/10-01-05-0230.png\",\"width\":250,\"height\":197},{\"@type\":\"BreadcrumbList\",\"@id\":\"https:\\\/\\\/ekoblitzindastri.com\\\/index.php\\\/product\\\/verschleis-kabel-bremsbelege-daf\\\/#breadcrumb\",\"itemListElement\":[{\"@type\":\"ListItem\",\"position\":1,\"name\":\"\u0413\u043b\u0430\u0432\u043d\u0430\u044f \u0441\u0442\u0440\u0430\u043d\u0438\u0446\u0430\",\"item\":\"https:\\\/\\\/ekoblitzindastri.com\\\/\"},{\"@type\":\"ListItem\",\"position\":2,\"name\":\"Shop\",\"item\":\"https:\\\/\\\/ekoblitzindastri.com\\\/index.php\\\/shop-2\\\/\"},{\"@type\":\"ListItem\",\"position\":3,\"name\":\"Verschlei\u00df Kabel bremsbelege DAF\"}]},{\"@type\":\"WebSite\",\"@id\":\"https:\\\/\\\/ekoblitzindastri.com\\\/#website\",\"url\":\"https:\\\/\\\/ekoblitzindastri.com\\\/\",\"name\":\"ekoblitzindastri\",\"description\":\"\",\"publisher\":{\"@id\":\"https:\\\/\\\/ekoblitzindastri.com\\\/#organization\"},\"potentialAction\":[{\"@type\":\"SearchAction\",\"target\":{\"@type\":\"EntryPoint\",\"urlTemplate\":\"https:\\\/\\\/ekoblitzindastri.com\\\/?s={search_term_string}\"},\"query-input\":{\"@type\":\"PropertyValueSpecification\",\"valueRequired\":true,\"valueName\":\"search_term_string\"}}],\"inLanguage\":\"ru-RU\"},{\"@type\":\"Organization\",\"@id\":\"https:\\\/\\\/ekoblitzindastri.com\\\/#organization\",\"name\":\"ekoblitzindastri\",\"url\":\"https:\\\/\\\/ekoblitzindastri.com\\\/\",\"logo\":{\"@type\":\"ImageObject\",\"inLanguage\":\"ru-RU\",\"@id\":\"https:\\\/\\\/ekoblitzindastri.com\\\/#\\\/schema\\\/logo\\\/image\\\/\",\"url\":\"https:\\\/\\\/ekoblitzindastri.com\\\/wp-content\\\/uploads\\\/2023\\\/04\\\/logo1.jpg\",\"contentUrl\":\"https:\\\/\\\/ekoblitzindastri.com\\\/wp-content\\\/uploads\\\/2023\\\/04\\\/logo1.jpg\",\"width\":501,\"height\":311,\"caption\":\"ekoblitzindastri\"},\"image\":{\"@id\":\"https:\\\/\\\/ekoblitzindastri.com\\\/#\\\/schema\\\/logo\\\/image\\\/\"}}]}<\/script>\n<!-- \/ Yoast SEO plugin. -->","yoast_head_json":{"title":"Verschlei\u00df Kabel  bremsbelege DAF - ekoblitzindastri","description":"Verschlei\u00df Kabel bremsbelege DAF","robots":{"index":"index","follow":"follow","max-snippet":"max-snippet:-1","max-image-preview":"max-image-preview:large","max-video-preview":"max-video-preview:-1"},"canonical":"https:\/\/ekoblitzindastri.com\/index.php\/product\/verschleis-kabel-bremsbelege-daf\/","og_locale":"ru_RU","og_type":"article","og_title":"Verschlei\u00df Kabel  bremsbelege DAF - ekoblitzindastri","og_description":"Verschlei\u00df Kabel bremsbelege DAF","og_url":"https:\/\/ekoblitzindastri.com\/index.php\/product\/verschleis-kabel-bremsbelege-daf\/","og_site_name":"ekoblitzindastri","og_image":[{"width":250,"height":197,"url":"https:\/\/ekoblitzindastri.com\/wp-content\/uploads\/2023\/10\/10-01-05-0230.png","type":"image\/png"}],"twitter_card":"summary_large_image","twitter_misc":{"\u041f\u0440\u0438\u043c\u0435\u0440\u043d\u043e\u0435 \u0432\u0440\u0435\u043c\u044f \u0434\u043b\u044f \u0447\u0442\u0435\u043d\u0438\u044f":"1 \u043c\u0438\u043d\u0443\u0442\u0430"},"schema":{"@context":"https:\/\/schema.org","@graph":[{"@type":"WebPage","@id":"https:\/\/ekoblitzindastri.com\/index.php\/product\/verschleis-kabel-bremsbelege-daf\/","url":"https:\/\/ekoblitzindastri.com\/index.php\/product\/verschleis-kabel-bremsbelege-daf\/","name":"Verschlei\u00df Kabel bremsbelege DAF - ekoblitzindastri","isPartOf":{"@id":"https:\/\/ekoblitzindastri.com\/#website"},"primaryImageOfPage":{"@id":"https:\/\/ekoblitzindastri.com\/index.php\/product\/verschleis-kabel-bremsbelege-daf\/#primaryimage"},"image":{"@id":"https:\/\/ekoblitzindastri.com\/index.php\/product\/verschleis-kabel-bremsbelege-daf\/#primaryimage"},"thumbnailUrl":"https:\/\/ekoblitzindastri.com\/wp-content\/uploads\/2023\/10\/10-01-05-0230.png","datePublished":"2023-10-09T13:30:35+00:00","description":"Verschlei\u00df Kabel bremsbelege DAF","breadcrumb":{"@id":"https:\/\/ekoblitzindastri.com\/index.php\/product\/verschleis-kabel-bremsbelege-daf\/#breadcrumb"},"inLanguage":"ru-RU","potentialAction":[{"@type":"ReadAction","target":["https:\/\/ekoblitzindastri.com\/index.php\/product\/verschleis-kabel-bremsbelege-daf\/"]}]},{"@type":"ImageObject","inLanguage":"ru-RU","@id":"https:\/\/ekoblitzindastri.com\/index.php\/product\/verschleis-kabel-bremsbelege-daf\/#primaryimage","url":"https:\/\/ekoblitzindastri.com\/wp-content\/uploads\/2023\/10\/10-01-05-0230.png","contentUrl":"https:\/\/ekoblitzindastri.com\/wp-content\/uploads\/2023\/10\/10-01-05-0230.png","width":250,"height":197},{"@type":"BreadcrumbList","@id":"https:\/\/ekoblitzindastri.com\/index.php\/product\/verschleis-kabel-bremsbelege-daf\/#breadcrumb","itemListElement":[{"@type":"ListItem","position":1,"name":"\u0413\u043b\u0430\u0432\u043d\u0430\u044f \u0441\u0442\u0440\u0430\u043d\u0438\u0446\u0430","item":"https:\/\/ekoblitzindastri.com\/"},{"@type":"ListItem","position":2,"name":"Shop","item":"https:\/\/ekoblitzindastri.com\/index.php\/shop-2\/"},{"@type":"ListItem","position":3,"name":"Verschlei\u00df Kabel bremsbelege DAF"}]},{"@type":"WebSite","@id":"https:\/\/ekoblitzindastri.com\/#website","url":"https:\/\/ekoblitzindastri.com\/","name":"ekoblitzindastri","description":"","publisher":{"@id":"https:\/\/ekoblitzindastri.com\/#organization"},"potentialAction":[{"@type":"SearchAction","target":{"@type":"EntryPoint","urlTemplate":"https:\/\/ekoblitzindastri.com\/?s={search_term_string}"},"query-input":{"@type":"PropertyValueSpecification","valueRequired":true,"valueName":"search_term_string"}}],"inLanguage":"ru-RU"},{"@type":"Organization","@id":"https:\/\/ekoblitzindastri.com\/#organization","name":"ekoblitzindastri","url":"https:\/\/ekoblitzindastri.com\/","logo":{"@type":"ImageObject","inLanguage":"ru-RU","@id":"https:\/\/ekoblitzindastri.com\/#\/schema\/logo\/image\/","url":"https:\/\/ekoblitzindastri.com\/wp-content\/uploads\/2023\/04\/logo1.jpg","contentUrl":"https:\/\/ekoblitzindastri.com\/wp-content\/uploads\/2023\/04\/logo1.jpg","width":501,"height":311,"caption":"ekoblitzindastri"},"image":{"@id":"https:\/\/ekoblitzindastri.com\/#\/schema\/logo\/image\/"}}]}},"_links":{"self":[{"href":"https:\/\/ekoblitzindastri.com\/index.php\/wp-json\/wp\/v2\/product\/4964","targetHints":{"allow":["GET"]}}],"collection":[{"href":"https:\/\/ekoblitzindastri.com\/index.php\/wp-json\/wp\/v2\/product"}],"about":[{"href":"https:\/\/ekoblitzindastri.com\/index.php\/wp-json\/wp\/v2\/types\/product"}],"replies":[{"embeddable":true,"href":"https:\/\/ekoblitzindastri.com\/index.php\/wp-json\/wp\/v2\/comments?post=4964"}],"wp:featuredmedia":[{"embeddable":true,"href":"https:\/\/ekoblitzindastri.com\/index.php\/wp-json\/wp\/v2\/media\/4965"}],"wp:attachment":[{"href":"https:\/\/ekoblitzindastri.com\/index.php\/wp-json\/wp\/v2\/media?parent=4964"}],"wp:term":[{"taxonomy":"product_brand","embeddable":true,"href":"https:\/\/ekoblitzindastri.com\/index.php\/wp-json\/wp\/v2\/product_brand?post=4964"},{"taxonomy":"product_cat","embeddable":true,"href":"https:\/\/ekoblitzindastri.com\/index.php\/wp-json\/wp\/v2\/product_cat?post=4964"},{"taxonomy":"product_tag","embeddable":true,"href":"https:\/\/ekoblitzindastri.com\/index.php\/wp-json\/wp\/v2\/product_tag?post=4964"}],"curies":[{"name":"wp","href":"https:\/\/api.w.org\/{rel}","templated":true}]}}